{"id":394,"date":"2015-07-08T10:55:06","date_gmt":"2015-07-08T10:55:06","guid":{"rendered":"http:\/\/cinderella.stylemixthemes.com\/demo\/?page_id=394"},"modified":"2025-01-17T08:38:25","modified_gmt":"2025-01-17T08:38:25","slug":"ueber-uns-friseur-in-waltrop","status":"publish","type":"page","link":"https:\/\/hair-design-estetic.de\/wordpress\/ueber-uns-friseur-in-waltrop\/","title":{"rendered":"\u00dcber uns"},"content":{"rendered":"<p>[vc_row css=&#8220;.vc_custom_1436956453875{margin-bottom: 70px !important;}&#8220;][vc_column width=&#8220;1\/4&#8243; offset=&#8220;vc_hidden-sm vc_hidden-xs&#8220;][stm_sidebar sidebar=&#8220;414&#8243;][vc_column_text]<\/p>\n<h3>Unser Service<\/h3>\n<ul class=\"style_square\">\n<li><i>trendige Styles<\/i><\/li>\n<li><i>ein Team welches sein Handwerk seit Jahren versteht<\/i><\/li>\n<li><i>freundliche \u00d6ffnungszeiten<\/i><\/li>\n<li><i>Getr\u00e4nke und Kaffeespezialit\u00e4ten f\u00fcr unsere Kunden gratis!<\/i><\/li>\n<li><i>Farb- und Typberatung durch Diplom Colorateure<\/i><\/li>\n<li><i>immer auf dem neusten Stand<\/i><\/li>\n<li><i>Hochzeits- und Gala-Frisuren<\/i><\/li>\n<li><i>Lounge-Atmosph\u00e4re<\/i><\/li>\n<li><i>Echthaarstr\u00e4hnen in vielen verschiedenen Farben<\/i><\/li>\n<li><i>Bonuskarte f\u00fcr unsere Kunden<\/i><\/li>\n<\/ul>\n<p>[\/vc_column_text][\/vc_column][vc_column width=&#8220;3\/4&#8243;][vc_column_text]<\/p>\n<h3>\u00dcber uns<\/h3>\n<p>Am Anfang war die Idee &#8211; welche in der Verwirklichung endete!<\/p>\n<p>Unser Motto lautet: <em>Kreatives, kundenorientiertes Arbeiten!<\/em><\/p>\n<p><em>EIN PERFEKTER SCHNITT<\/em><br \/>\nEin perfekter Schnitt ist die Grundlage jedes guten Stylings; sowohl f\u00fcr uns im Salon, als auch f\u00fcr Sie allein zu Hause.&nbsp;Regelm\u00e4\u00dfige Fortbildungsma\u00dfnahmen halten uns stets auf dem neusten Stand und lassen bei Ihnen keine W\u00fcnsche mehr offen.<\/p>\n<p><em>FARBE IST LEBEN<\/em><br \/>\nMachen Sie noch mehr aus Ihrem Typ!<br \/>\nVerschiedenste Colorationstechniken der aktuellen Mode lassen Sie in neuem Glanz erstrahlen.&nbsp;Unsere geschulten Diplom-Colorateure beraten Sie gern!<\/p>\n<p><em>LASSEN SIE SICH VERW\u00d6HNEN<\/em><br \/>\nEntpannung f\u00fcr Sie und Ihr Haar mit pflegenden Ritualen: Hochwertige Pflegeprodukte f\u00fcr Ihr Haar und Ihre Kopfhaut in Verbindung mit individueller Kopfmassage.<\/p>\n<p><strong>\u00dcberzeugen Sie sich selbst!&nbsp;Wir freuen uns auf Ihren Besuch!<\/strong>[\/vc_column_text][vc_row_inner][vc_column_inner width=&#8220;1\/2&#8243;][vc_column_text]<\/p>\n<h1>Sandra<\/h1>\n<p><img loading=\"lazy\" decoding=\"async\" class=\"alignnone wp-image-1673 size-large\" src=\"https:\/\/hair-design-estetic.de\/wordpress\/wp-content\/uploads\/2025\/01\/1-DSC_0724-683x1024.jpg\" alt=\"\" width=\"683\" height=\"1024\" srcset=\"https:\/\/hair-design-estetic.de\/wordpress\/wp-content\/uploads\/2025\/01\/1-DSC_0724-683x1024.jpg 683w, https:\/\/hair-design-estetic.de\/wordpress\/wp-content\/uploads\/2025\/01\/1-DSC_0724-200x300.jpg 200w, https:\/\/hair-design-estetic.de\/wordpress\/wp-content\/uploads\/2025\/01\/1-DSC_0724-100x150.jpg 100w, https:\/\/hair-design-estetic.de\/wordpress\/wp-content\/uploads\/2025\/01\/1-DSC_0724-1025x1536.jpg 1025w, https:\/\/hair-design-estetic.de\/wordpress\/wp-content\/uploads\/2025\/01\/1-DSC_0724.jpg 1281w\" sizes=\"auto, (max-width: 683px) 100vw, 683px\" \/>[\/vc_column_text][vc_toggle title=&#8220;mehr \u00fcber Sandra erfahren&#8220; el_id=&#8220;1737096102467-813aa294-5000&#8243;]Sandra, geb. am 25. Mai 1984<br \/>\nInhaberin, eine Tochter<br \/>\nAusbildung zur Friseurin 2000-2002<br \/>\nAngestellte Friseurin 2002-2007<br \/>\nDiplome Coloriste 2005<br \/>\nMeister 2006<br \/>\nSelbst\u00e4ndig seit 2007<\/p>\n<blockquote><p>&#8222;Ich liebe den Friseurberuf. Kreativ zu sein und die Menschen gl\u00fccklich zu machen.<br \/>\nNeben meiner Liebe zum Beruf liebe ich es nat\u00fcrlich \u00fcber alles Zeit mit meiner Familie und Freunden zu verbringen und Spazierg\u00e4nge mit meinem Hund.&#8220;<\/p><\/blockquote>\n<p>[\/vc_toggle][\/vc_column_inner][vc_column_inner width=&#8220;1\/2&#8243;][vc_column_text]<\/p>\n<h1>Maik<\/h1>\n<p><img loading=\"lazy\" decoding=\"async\" class=\"alignnone wp-image-1675 size-large\" src=\"https:\/\/hair-design-estetic.de\/wordpress\/wp-content\/uploads\/2025\/01\/18-DSC_1624-683x1024.jpg\" alt=\"\" width=\"683\" height=\"1024\" srcset=\"https:\/\/hair-design-estetic.de\/wordpress\/wp-content\/uploads\/2025\/01\/18-DSC_1624-683x1024.jpg 683w, https:\/\/hair-design-estetic.de\/wordpress\/wp-content\/uploads\/2025\/01\/18-DSC_1624-200x300.jpg 200w, https:\/\/hair-design-estetic.de\/wordpress\/wp-content\/uploads\/2025\/01\/18-DSC_1624-100x150.jpg 100w, https:\/\/hair-design-estetic.de\/wordpress\/wp-content\/uploads\/2025\/01\/18-DSC_1624-1025x1536.jpg 1025w, https:\/\/hair-design-estetic.de\/wordpress\/wp-content\/uploads\/2025\/01\/18-DSC_1624.jpg 1281w\" sizes=\"auto, (max-width: 683px) 100vw, 683px\" \/>[\/vc_column_text][vc_toggle title=&#8220;mehr \u00fcber Maik erfahren&#8220; el_id=&#8220;1737096197994-f81f3290-fa5c&#8220;]Maik, geb. am 26. Februar 1980,<br \/>\nein Sohn<br \/>\nAusbildung zum Friseur 1997-2000<br \/>\nAngestellter Friseur 2000-2007<br \/>\nHairdesign Estetic seit 2007<\/p>\n<blockquote><p>&#8222;Ich bin ausschlie\u00dflich f\u00fcr den Herrensalon und einige organisatorische Abl\u00e4ufe zust\u00e4ndig.<br \/>\nIch liebe Ordnung und Struktur und gutes Essen.&#8220;<\/p><\/blockquote>\n<p>[\/vc_toggle][\/vc_column_inner][\/vc_row_inner][vc_row_inner][vc_column_inner width=&#8220;1\/4&#8243;][vc_column_text]<\/p>\n<h1>Melanie<\/h1>\n<p><img loading=\"lazy\" decoding=\"async\" class=\"alignnone wp-image-1676 size-large\" src=\"https:\/\/hair-design-estetic.de\/wordpress\/wp-content\/uploads\/2025\/01\/DSC_1640-684x1024.jpg\" alt=\"\" width=\"684\" height=\"1024\" srcset=\"https:\/\/hair-design-estetic.de\/wordpress\/wp-content\/uploads\/2025\/01\/DSC_1640-684x1024.jpg 684w, https:\/\/hair-design-estetic.de\/wordpress\/wp-content\/uploads\/2025\/01\/DSC_1640-200x300.jpg 200w, https:\/\/hair-design-estetic.de\/wordpress\/wp-content\/uploads\/2025\/01\/DSC_1640-100x150.jpg 100w, https:\/\/hair-design-estetic.de\/wordpress\/wp-content\/uploads\/2025\/01\/DSC_1640-1025x1536.jpg 1025w, https:\/\/hair-design-estetic.de\/wordpress\/wp-content\/uploads\/2025\/01\/DSC_1640.jpg 1068w\" sizes=\"auto, (max-width: 684px) 100vw, 684px\" \/>[\/vc_column_text][vc_toggle title=&#8220;mehr \u00fcber Melanie erfahren&#8220; el_id=&#8220;1737096272376-775ced05-fd88&#8243;]Melanie, geb. am 16. Januar 1992<br \/>\nSeit 2009 in unserem Team. Zun\u00e4chst als Auszubildende, dann als Angestellte Friseurin.<br \/>\nZwei Kinder, einen Hund.<br \/>\nWechselt gerne Haarfarbe und -l\u00e4nge.<br \/>\nSie ist unternehmungslustig und trifft sich gerne mit Freunden.<br \/>\nHauptt\u00e4tigkeitsbereiche:<br \/>\n&#8211; Damen, Herren, Kinder<br \/>\n&#8211; \u2060Colorationstechniken<br \/>\n&#8211; \u2060Augenbrauenstyling<br \/>\n&#8211; \u2060Wimpern f\u00e4rben<br \/>\n&#8211; \u2060Hochsteckfrisuren<br \/>\n&#8211; \u2060Tapes<br \/>\nBesondere Kenntnisse: Diplome Coloriste[\/vc_toggle][\/vc_column_inner][vc_column_inner width=&#8220;1\/4&#8243;][vc_column_text]<\/p>\n<h1>Debby<\/h1>\n<p><img loading=\"lazy\" decoding=\"async\" class=\"alignnone wp-image-1677 size-large\" src=\"https:\/\/hair-design-estetic.de\/wordpress\/wp-content\/uploads\/2025\/01\/19-DSC_1604-683x1024.jpg\" alt=\"\" width=\"683\" height=\"1024\" srcset=\"https:\/\/hair-design-estetic.de\/wordpress\/wp-content\/uploads\/2025\/01\/19-DSC_1604-683x1024.jpg 683w, https:\/\/hair-design-estetic.de\/wordpress\/wp-content\/uploads\/2025\/01\/19-DSC_1604-200x300.jpg 200w, https:\/\/hair-design-estetic.de\/wordpress\/wp-content\/uploads\/2025\/01\/19-DSC_1604-100x150.jpg 100w, https:\/\/hair-design-estetic.de\/wordpress\/wp-content\/uploads\/2025\/01\/19-DSC_1604-1025x1536.jpg 1025w, https:\/\/hair-design-estetic.de\/wordpress\/wp-content\/uploads\/2025\/01\/19-DSC_1604.jpg 1281w\" sizes=\"auto, (max-width: 683px) 100vw, 683px\" \/>[\/vc_column_text][vc_toggle title=&#8220;mehr \u00fcber Debby erfahren&#8220; el_id=&#8220;1737096272377-0bfb16b9-d7cb&#8220;]Debby, geb. am 29. Juli 1984<br \/>\nSeit 2005 im Friseurberuf t\u00e4tig.<br \/>\nSeit 2017 in unserem Team.<br \/>\nGeselliger Gef\u00fchlsmensch.<br \/>\nSie liebt es sch\u00f6ne Haare zu kreieren, Freunde zu treffen, zu reisen und ihren Hund Sam.<br \/>\nHauptt\u00e4tigkeitsbereiche:<br \/>\n&#8211; Damen, Herren, Kinder<br \/>\n&#8211; \u2060Colorationstechniken<br \/>\n&#8211; \u2060Augenbrauenstyling<br \/>\n&#8211; \u2060Wimpern f\u00e4rben<br \/>\n&#8211; \u2060Hochsteckfrisuren<br \/>\n&#8211; \u2060Tapes<br \/>\nBesondere Kenntnisse: Diplome Coloriste[\/vc_toggle][\/vc_column_inner][vc_column_inner width=&#8220;1\/4&#8243;][vc_column_text]<\/p>\n<h1>Nathalie<\/h1>\n<p><img loading=\"lazy\" decoding=\"async\" class=\"alignnone wp-image-1678 size-large\" src=\"https:\/\/hair-design-estetic.de\/wordpress\/wp-content\/uploads\/2025\/01\/20-DSC_1587-701x1024.jpg\" alt=\"\" width=\"701\" height=\"1024\" srcset=\"https:\/\/hair-design-estetic.de\/wordpress\/wp-content\/uploads\/2025\/01\/20-DSC_1587-701x1024.jpg 701w, https:\/\/hair-design-estetic.de\/wordpress\/wp-content\/uploads\/2025\/01\/20-DSC_1587-205x300.jpg 205w, https:\/\/hair-design-estetic.de\/wordpress\/wp-content\/uploads\/2025\/01\/20-DSC_1587-103x150.jpg 103w, https:\/\/hair-design-estetic.de\/wordpress\/wp-content\/uploads\/2025\/01\/20-DSC_1587-1051x1536.jpg 1051w, https:\/\/hair-design-estetic.de\/wordpress\/wp-content\/uploads\/2025\/01\/20-DSC_1587.jpg 1314w\" sizes=\"auto, (max-width: 701px) 100vw, 701px\" \/>[\/vc_column_text][vc_toggle title=&#8220;mehr \u00fcber Nathalie erfahren&#8220; el_id=&#8220;1737096480025-580737fb-04da&#8220;]Nathalie, geb. am 02. Juli 1991<br \/>\nSeit 2010 im Friseurberuf t\u00e4tig.<br \/>\nSeit 2018 in unserem Team.<br \/>\nEine Tochter.<br \/>\nTr\u00e4gt ihr Herz auf der Zunge.<br \/>\nSie ist immer erfreut sich weiterzubilden und weiterzuentwickeln.<br \/>\nHauptt\u00e4tigkeitsbereiche:<br \/>\n&#8211; Damen, Herren, Kinder<br \/>\n&#8211; \u2060Colorationstechniken<br \/>\n&#8211; \u2060Augenbrauenstyling<br \/>\n&#8211; \u2060Wimpern f\u00e4rben<br \/>\n&#8211; \u2060Umformung<br \/>\n&#8211; \u2060Tapes<br \/>\nBesondere Kenntnisse:<br \/>\n&#8211; Ausbildereignungsschein<br \/>\n&#8211; \u2060Color Licence[\/vc_toggle][\/vc_column_inner][vc_column_inner width=&#8220;1\/4&#8243;][vc_column_text]<\/p>\n<h1>Dennis<\/h1>\n<p><img loading=\"lazy\" decoding=\"async\" class=\"alignnone wp-image-1679 size-large\" src=\"https:\/\/hair-design-estetic.de\/wordpress\/wp-content\/uploads\/2025\/01\/21-DSC_1576-683x1024.jpg\" alt=\"\" width=\"683\" height=\"1024\" srcset=\"https:\/\/hair-design-estetic.de\/wordpress\/wp-content\/uploads\/2025\/01\/21-DSC_1576-683x1024.jpg 683w, https:\/\/hair-design-estetic.de\/wordpress\/wp-content\/uploads\/2025\/01\/21-DSC_1576-200x300.jpg 200w, https:\/\/hair-design-estetic.de\/wordpress\/wp-content\/uploads\/2025\/01\/21-DSC_1576-100x150.jpg 100w, https:\/\/hair-design-estetic.de\/wordpress\/wp-content\/uploads\/2025\/01\/21-DSC_1576-1025x1536.jpg 1025w, https:\/\/hair-design-estetic.de\/wordpress\/wp-content\/uploads\/2025\/01\/21-DSC_1576.jpg 1281w\" sizes=\"auto, (max-width: 683px) 100vw, 683px\" \/>[\/vc_column_text][vc_toggle title=&#8220;mehr \u00fcber Dennis erfahren&#8220; el_id=&#8220;1737096480024-6828a4b1-7953&#8243;]Dennis, geb. am 07. Mai 1987<br \/>\nSeit 2005 im Friseurberuf t\u00e4tig.<br \/>\nSeit 2024 bei uns im Team.<br \/>\nEr ist engagiert und bildet sich gerne weiter.<br \/>\nHauptt\u00e4tigkeitsbereiche:<br \/>\n&#8211; Damen, Herren, Kinder<br \/>\n&#8211; \u2060Colorationstechniken<br \/>\n&#8211; \u2060Augenbrauenstyling<br \/>\n&#8211; \u2060Wimpern f\u00e4rben<br \/>\nBesondere Kenntnisse: Blond Expert[\/vc_toggle][\/vc_column_inner][\/vc_row_inner][vc_row_inner][vc_column_inner width=&#8220;1\/4&#8243;][vc_column_text]<\/p>\n<h1>Mabini<\/h1>\n<p><img loading=\"lazy\" decoding=\"async\" class=\"alignnone wp-image-1680 size-large\" src=\"https:\/\/hair-design-estetic.de\/wordpress\/wp-content\/uploads\/2025\/01\/16-DSC_1673-683x1024.jpg\" alt=\"\" width=\"683\" height=\"1024\" srcset=\"https:\/\/hair-design-estetic.de\/wordpress\/wp-content\/uploads\/2025\/01\/16-DSC_1673-683x1024.jpg 683w, https:\/\/hair-design-estetic.de\/wordpress\/wp-content\/uploads\/2025\/01\/16-DSC_1673-200x300.jpg 200w, https:\/\/hair-design-estetic.de\/wordpress\/wp-content\/uploads\/2025\/01\/16-DSC_1673-100x150.jpg 100w, https:\/\/hair-design-estetic.de\/wordpress\/wp-content\/uploads\/2025\/01\/16-DSC_1673-1025x1536.jpg 1025w, https:\/\/hair-design-estetic.de\/wordpress\/wp-content\/uploads\/2025\/01\/16-DSC_1673.jpg 1281w\" sizes=\"auto, (max-width: 683px) 100vw, 683px\" \/>[\/vc_column_text][vc_toggle title=&#8220;mehr \u00fcber Mabini erfahren&#8220; el_id=&#8220;1737096636583-d65cf1ef-f802&#8243;]Mabini, geb. am 10. September 2023<br \/>\nRum\u00e4nischer Wirbelwind, geh\u00f6rt zu Sandra.<br \/>\nSeit 2024 bei uns im Team.<br \/>\nSie \u00fcbernimmt gerne die Begr\u00fc\u00dfung, ist neugierig und verspielt, schl\u00e4ft aber auch gerne mal mitten im Weg.<br \/>\nSie liebt es, wenn man mit ihr arbeitet und sie was lernen darf.[\/vc_toggle][\/vc_column_inner][vc_column_inner width=&#8220;1\/4&#8243;][vc_column_text]<\/p>\n<h1>Sam<\/h1>\n<p><img loading=\"lazy\" decoding=\"async\" class=\"alignnone wp-image-1681 size-large\" src=\"https:\/\/hair-design-estetic.de\/wordpress\/wp-content\/uploads\/2025\/01\/17-DSC_1668-683x1024.jpg\" alt=\"\" width=\"683\" height=\"1024\" srcset=\"https:\/\/hair-design-estetic.de\/wordpress\/wp-content\/uploads\/2025\/01\/17-DSC_1668-683x1024.jpg 683w, https:\/\/hair-design-estetic.de\/wordpress\/wp-content\/uploads\/2025\/01\/17-DSC_1668-200x300.jpg 200w, https:\/\/hair-design-estetic.de\/wordpress\/wp-content\/uploads\/2025\/01\/17-DSC_1668-100x150.jpg 100w, https:\/\/hair-design-estetic.de\/wordpress\/wp-content\/uploads\/2025\/01\/17-DSC_1668-1025x1536.jpg 1025w, https:\/\/hair-design-estetic.de\/wordpress\/wp-content\/uploads\/2025\/01\/17-DSC_1668.jpg 1281w\" sizes=\"auto, (max-width: 683px) 100vw, 683px\" \/>[\/vc_column_text][vc_toggle title=&#8220;mehr \u00fcber Sam erfahren&#8220; el_id=&#8220;1737096636584-e633006b-89f4&#8243;]Sam, geb. am 22. Juni 2023<br \/>\nToypudel, geh\u00f6rt zu Debby<br \/>\nEr \u00fcbernimmt meistens die Begr\u00fc\u00dfung und Erstkontrolle.<br \/>\nLiebling aller Kundinnen und Kunden.[\/vc_toggle][\/vc_column_inner][vc_column_inner width=&#8220;1\/4&#8243;][\/vc_column_inner][vc_column_inner width=&#8220;1\/4&#8243;][\/vc_column_inner][\/vc_row_inner][\/vc_column][\/vc_row][vc_row full_width=&#8220;stretch_row&#8220; css=&#8220;.vc_custom_1457956038330{margin-bottom: 0px !important;padding-top: 18px !important;padding-bottom: 18px !important;background-color: #cec66d !important;}&#8220; bg_position=&#8220;50% 50%&#8220; bg_size=&#8220;275px 275px&#8220; el_class=&#8220;inner_call_2_action&#8220;][vc_column][vc_custom_heading text=&#8220;Vereinbaren Sie jetzt Ihren Termin!&#8220; font_container=&#8220;tag:h2|text_align:center|color:%23ffffff|line_height:37px&#8220; google_fonts=&#8220;font_family:Playfair%20Display%3Aregular%2Citalic%2C700%2C700italic%2C900%2C900italic|font_style:400%20italic%3A400%3Aitalic&#8220;][\/vc_column][\/vc_row]<\/p>\n","protected":false},"excerpt":{"rendered":"<p>[vc_row css=&#8220;.vc_custom_1436956453875{margin-bottom: 70px !important;}&#8220;][vc_column width=&#8220;1\/4&#8243; offset=&#8220;vc_hidden-sm vc_hidden-xs&#8220;][stm_sidebar sidebar=&#8220;414&#8243;][vc_column_text] Unser Service trendige Styles ein Team welches sein Handwerk seit Jahren versteht freundliche \u00d6ffnungszeiten Getr\u00e4nke und Kaffeespezialit\u00e4ten f\u00fcr unsere Kunden gratis! Farb- und Typberatung durch Diplom Colorateure immer auf dem neusten Stand Hochzeits- und Gala-Frisuren Lounge-Atmosph\u00e4re Echthaarstr\u00e4hnen in vielen verschiedenen Farben Bonuskarte f\u00fcr unsere Kunden [\/vc_column_text][\/vc_column][vc_column width=&#8220;3\/4&#8243;][vc_column_text] [&hellip;]<\/p>\n","protected":false},"author":1,"featured_media":0,"parent":0,"menu_order":0,"comment_status":"closed","ping_status":"closed","template":"","meta":{"footnotes":""},"class_list":["post-394","page","type-page","status-publish","hentry"],"aioseo_notices":[],"_links":{"self":[{"href":"https:\/\/hair-design-estetic.de\/wordpress\/wp-json\/wp\/v2\/pages\/394","targetHints":{"allow":["GET"]}}],"collection":[{"href":"https:\/\/hair-design-estetic.de\/wordpress\/wp-json\/wp\/v2\/pages"}],"about":[{"href":"https:\/\/hair-design-estetic.de\/wordpress\/wp-json\/wp\/v2\/types\/page"}],"author":[{"embeddable":true,"href":"https:\/\/hair-design-estetic.de\/wordpress\/wp-json\/wp\/v2\/users\/1"}],"replies":[{"embeddable":true,"href":"https:\/\/hair-design-estetic.de\/wordpress\/wp-json\/wp\/v2\/comments?post=394"}],"version-history":[{"count":58,"href":"https:\/\/hair-design-estetic.de\/wordpress\/wp-json\/wp\/v2\/pages\/394\/revisions"}],"predecessor-version":[{"id":1692,"href":"https:\/\/hair-design-estetic.de\/wordpress\/wp-json\/wp\/v2\/pages\/394\/revisions\/1692"}],"wp:attachment":[{"href":"https:\/\/hair-design-estetic.de\/wordpress\/wp-json\/wp\/v2\/media?parent=394"}],"curies":[{"name":"wp","href":"https:\/\/api.w.org\/{rel}","templated":true}]}}