{"id":461,"date":"2015-07-09T11:45:41","date_gmt":"2015-07-09T11:45:41","guid":{"rendered":"http:\/\/cinderella.stylemixthemes.com\/demo\/?page_id=461"},"modified":"2025-01-17T08:40:39","modified_gmt":"2025-01-17T08:40:39","slug":"unsere-produkte-friseur-in-waltrop","status":"publish","type":"page","link":"https:\/\/hair-design-estetic.de\/wordpress\/ueber-uns-friseur-in-waltrop\/unsere-produkte-friseur-in-waltrop\/","title":{"rendered":"Unsere Produkte"},"content":{"rendered":"<p>[vc_row css=&#8220;.vc_custom_1436956567630{margin-bottom: 70px !important;}&#8220;][vc_column width=&#8220;1\/4&#8243; offset=&#8220;vc_hidden-sm vc_hidden-xs&#8220;][stm_sidebar sidebar=&#8220;414&#8243;][\/vc_column][vc_column offset=&#8220;vc_col-lg-9 vc_col-md-9&#8243;][stm_partners][stm_partners_item title=&#8220;GLYNT &#8220; logo=&#8220;1384&#8243; img_size=&#8220;166&#215;96&#8243; description=&#8220;GLYNT Rezepturen stammen aus Schweizer Forschung und Entwicklung. Die Serie wurde mit Hilfe von Friseuren f\u00fcr Friseure entwickelt. Deshalb sind GLYNT Haarkosmetika sehr innovativ. Was den hohen Anspr\u00fcchen von f\u00fchrenden Friseuren gerecht wird, erf\u00fcllt auch die Anspr\u00fcche von anspruchsvollen Salonkunden.&#8220; link=&#8220;url:%23||&#8220;][stm_partners_item title=&#8220;L`oreal&#8220; logo=&#8220;1386&#8243; img_size=&#8220;166&#215;96&#8243; link=&#8220;url:%23||&#8220;][\/stm_partners][vc_empty_space height=&#8220;50&#8243;][stm_gallery images=&#8220;1666,1667,1668,1669&#8243;][\/vc_column][\/vc_row][vc_row full_width=&#8220;stretch_row&#8220; css=&#8220;.vc_custom_1458125264344{margin-bottom: 0px !important;padding-top: 18px !important;padding-bottom: 18px !important;background-color: #cec66d !important;}&#8220; bg_position=&#8220;50% 50%&#8220; bg_size=&#8220;275px 275px&#8220; el_class=&#8220;inner_call_2_action&#8220;][vc_column offset=&#8220;vc_col-lg-7 vc_col-md-7&#8243;][vc_custom_heading text=&#8220;Buchen Sie jetzt Ihren Termin!&#8220; font_container=&#8220;tag:h2|text_align:right|color:%23ffffff|line_height:37px&#8220; google_fonts=&#8220;font_family:Playfair%20Display%3Aregular%2Citalic%2C700%2C700italic%2C900%2C900italic|font_style:400%20italic%3A400%3Aitalic&#8220;][\/vc_column][vc_column offset=&#8220;vc_col-lg-offset-1 vc_col-lg-4 vc_col-md-offset-1 vc_col-md-4&#8243;][vc_btn title=&#8220;Kontakt&#8220; style=&#8220;flat&#8220; color=&#8220;white&#8220; link=&#8220;url:http%3A%2F%2Fhair-design-estetic.de%2Fwordpress%2F%3Fpage_id%3D717||&#8220;][\/vc_column][\/vc_row]<\/p>\n","protected":false},"excerpt":{"rendered":"<p>[vc_row css=&#8220;.vc_custom_1436956567630{margin-bottom: 70px !important;}&#8220;][vc_column width=&#8220;1\/4&#8243; offset=&#8220;vc_hidden-sm vc_hidden-xs&#8220;][stm_sidebar sidebar=&#8220;414&#8243;][\/vc_column][vc_column offset=&#8220;vc_col-lg-9 vc_col-md-9&#8243;][stm_partners][stm_partners_item title=&#8220;GLYNT &#8220; logo=&#8220;1384&#8243; img_size=&#8220;166&#215;96&#8243; description=&#8220;GLYNT Rezepturen stammen aus Schweizer Forschung und Entwicklung. Die Serie wurde mit Hilfe von Friseuren f\u00fcr Friseure entwickelt. Deshalb sind GLYNT Haarkosmetika sehr innovativ. Was den hohen Anspr\u00fcchen von f\u00fchrenden Friseuren gerecht wird, erf\u00fcllt auch die Anspr\u00fcche von anspruchsvollen Salonkunden.&#8220; link=&#8220;url:%23||&#8220;][stm_partners_item [&hellip;]<\/p>\n","protected":false},"author":1,"featured_media":0,"parent":394,"menu_order":0,"comment_status":"closed","ping_status":"closed","template":"","meta":{"footnotes":""},"class_list":["post-461","page","type-page","status-publish","hentry"],"aioseo_notices":[],"_links":{"self":[{"href":"https:\/\/hair-design-estetic.de\/wordpress\/wp-json\/wp\/v2\/pages\/461","targetHints":{"allow":["GET"]}}],"collection":[{"href":"https:\/\/hair-design-estetic.de\/wordpress\/wp-json\/wp\/v2\/pages"}],"about":[{"href":"https:\/\/hair-design-estetic.de\/wordpress\/wp-json\/wp\/v2\/types\/page"}],"author":[{"embeddable":true,"href":"https:\/\/hair-design-estetic.de\/wordpress\/wp-json\/wp\/v2\/users\/1"}],"replies":[{"embeddable":true,"href":"https:\/\/hair-design-estetic.de\/wordpress\/wp-json\/wp\/v2\/comments?post=461"}],"version-history":[{"count":11,"href":"https:\/\/hair-design-estetic.de\/wordpress\/wp-json\/wp\/v2\/pages\/461\/revisions"}],"predecessor-version":[{"id":1693,"href":"https:\/\/hair-design-estetic.de\/wordpress\/wp-json\/wp\/v2\/pages\/461\/revisions\/1693"}],"up":[{"embeddable":true,"href":"https:\/\/hair-design-estetic.de\/wordpress\/wp-json\/wp\/v2\/pages\/394"}],"wp:attachment":[{"href":"https:\/\/hair-design-estetic.de\/wordpress\/wp-json\/wp\/v2\/media?parent=461"}],"curies":[{"name":"wp","href":"https:\/\/api.w.org\/{rel}","templated":true}]}}